{"id":7634,"date":"2022-02-07T04:48:50","date_gmt":"2022-02-07T04:48:50","guid":{"rendered":"https:\/\/aksemont.com\/web\/?page_id=7634"},"modified":"2022-02-07T04:50:44","modified_gmt":"2022-02-07T04:50:44","slug":"testimonial-page-1","status":"publish","type":"page","link":"https:\/\/aksemont.com\/en\/testimonial-page-1\/","title":{"rendered":"Testimonial Page 1"},"content":{"rendered":"<div data-elementor-type=\"wp-page\" data-elementor-id=\"7634\" class=\"elementor elementor-7634\">\n\t\t\t\t\t\t<section class=\"elementor-section elementor-top-section elementor-element elementor-element-2099243 elementor-section-full_width elementor-section-stretched elementor-section-height-default elementor-section-height-default\" data-id=\"2099243\" data-element_type=\"section\" data-e-type=\"section\" data-settings=\"{&quot;stretch_section&quot;:&quot;section-stretched&quot;,&quot;background_background&quot;:&quot;classic&quot;}\">\n\t\t\t\t\t\t\t<div class=\"elementor-background-overlay\"><\/div>\n\t\t\t\t\t\t\t<div class=\"elementor-container elementor-column-gap-default\">\n\t\t\t\t\t<div class=\"elementor-column elementor-col-100 elementor-top-column elementor-element elementor-element-eda74c7\" data-id=\"eda74c7\" data-element_type=\"column\" data-e-type=\"column\">\n\t\t\t<div class=\"elementor-widget-wrap elementor-element-populated\">\n\t\t\t\t\t\t<section class=\"elementor-section elementor-inner-section elementor-element elementor-element-ea7fae4 elementor-section-boxed elementor-section-height-default elementor-section-height-default rt-parallax-bg-no\" data-id=\"ea7fae4\" data-element_type=\"section\" data-e-type=\"section\">\n\t\t\t\t\t\t<div class=\"elementor-container elementor-column-gap-default\">\n\t\t\t\t\t<div class=\"elementor-column elementor-col-100 elementor-inner-column elementor-element elementor-element-debed3b\" data-id=\"debed3b\" data-element_type=\"column\" data-e-type=\"column\">\n\t\t\t<div class=\"elementor-widget-wrap elementor-element-populated\">\n\t\t\t\t\t\t<div class=\"elementor-element elementor-element-cba545f elementor-widget elementor-widget-rt-text-with-button\" data-id=\"cba545f\" data-element_type=\"widget\" data-e-type=\"widget\" data-widget_type=\"rt-text-with-button.default\">\n\t\t\t\t<div class=\"elementor-widget-container\">\n\t\t\t\t\t<div class=\"title-text-button barshow text-style1\">\n\t\n\t\t\t<h4 class=\"subtitle style2\">OUR TESTIMONIALS<span class=\"title-bar1\"><\/span><span class=\"title-bar2\"><\/span><\/h4>\n\t\t\t\t<h2 class=\"section-title\">We are Very Glad to Know Our <br> Client Reviews<\/h2>\t<div class=\"section-content\">Our agency can only be as strong as our peopleagenhave run their <br>businesses Duis aute irure dolorrepreh<\/div>\n\t<\/div>\t\t\t\t<\/div>\n\t\t\t\t<\/div>\n\t\t\t\t\t<\/div>\n\t\t<\/div>\n\t\t\t\t\t<\/div>\n\t\t<\/section>\n\t\t\t\t<div class=\"elementor-element elementor-element-5292988 elementor-widget__width-auto elementor-absolute elementor-hidden-tablet elementor-hidden-mobile elementor-widget elementor-widget-image\" data-id=\"5292988\" data-element_type=\"widget\" data-e-type=\"widget\" data-settings=\"{&quot;_position&quot;:&quot;absolute&quot;}\" data-widget_type=\"image.default\">\n\t\t\t\t<div class=\"elementor-widget-container\">\n\t\t\t\t\t\t\t\t\t\t\t\t\t\t\t<img fetchpriority=\"high\" decoding=\"async\" width=\"476\" height=\"498\" src=\"https:\/\/aksemont.com\/wp-content\/uploads\/2022\/01\/shape8.png\" class=\"attachment-full size-full wp-image-6719\" alt=\"shape8\" srcset=\"https:\/\/aksemont.com\/wp-content\/uploads\/2022\/01\/shape8.png 476w, https:\/\/aksemont.com\/wp-content\/uploads\/2022\/01\/shape8-150x157.png 150w, https:\/\/aksemont.com\/wp-content\/uploads\/2022\/01\/shape8-287x300.png 287w\" sizes=\"(max-width: 476px) 100vw, 476px\" \/>\t\t\t\t\t\t\t\t\t\t\t\t\t\t\t<\/div>\n\t\t\t\t<\/div>\n\t\t\t\t<div class=\"elementor-element elementor-element-2c8a1b6 elementor-widget__width-auto elementor-absolute elementor-hidden-tablet elementor-hidden-mobile elementor-widget elementor-widget-image\" data-id=\"2c8a1b6\" data-element_type=\"widget\" data-e-type=\"widget\" data-settings=\"{&quot;_position&quot;:&quot;absolute&quot;}\" data-widget_type=\"image.default\">\n\t\t\t\t<div class=\"elementor-widget-container\">\n\t\t\t\t\t\t\t\t\t\t\t\t\t\t\t<img decoding=\"async\" width=\"345\" height=\"224\" src=\"https:\/\/aksemont.com\/wp-content\/uploads\/2022\/01\/shape7.png\" class=\"attachment-full size-full wp-image-6720\" alt=\"shape7\" srcset=\"https:\/\/aksemont.com\/wp-content\/uploads\/2022\/01\/shape7.png 345w, https:\/\/aksemont.com\/wp-content\/uploads\/2022\/01\/shape7-155x101.png 155w, https:\/\/aksemont.com\/wp-content\/uploads\/2022\/01\/shape7-300x195.png 300w\" sizes=\"(max-width: 345px) 100vw, 345px\" \/>\t\t\t\t\t\t\t\t\t\t\t\t\t\t\t<\/div>\n\t\t\t\t<\/div>\n\t\t\t\t\t<\/div>\n\t\t<\/div>\n\t\t\t\t\t<\/div>\n\t\t<\/section>\n\t\t\t\t<section class=\"elementor-section elementor-top-section elementor-element elementor-element-ff2038f elementor-section-full_width elementor-section-stretched elementor-section-height-default elementor-section-height-default rt-parallax-bg-no\" data-id=\"ff2038f\" data-element_type=\"section\" data-e-type=\"section\" data-settings=\"{&quot;stretch_section&quot;:&quot;section-stretched&quot;,&quot;background_background&quot;:&quot;classic&quot;}\">\n\t\t\t\t\t\t<div class=\"elementor-container elementor-column-gap-default\">\n\t\t\t\t\t<div class=\"elementor-column elementor-col-100 elementor-top-column elementor-element elementor-element-d62e110\" data-id=\"d62e110\" data-element_type=\"column\" data-e-type=\"column\">\n\t\t\t<div class=\"elementor-widget-wrap elementor-element-populated\">\n\t\t\t\t\t\t<section class=\"elementor-section elementor-inner-section elementor-element elementor-element-b2de8d3 elementor-section-boxed elementor-section-height-default elementor-section-height-default rt-parallax-bg-no\" data-id=\"b2de8d3\" data-element_type=\"section\" data-e-type=\"section\">\n\t\t\t\t\t\t<div class=\"elementor-container elementor-column-gap-default\">\n\t\t\t\t\t<div class=\"elementor-column elementor-col-100 elementor-inner-column elementor-element elementor-element-6ff81c1\" data-id=\"6ff81c1\" data-element_type=\"column\" data-e-type=\"column\">\n\t\t\t<div class=\"elementor-widget-wrap elementor-element-populated\">\n\t\t\t\t\t\t<div class=\"elementor-element elementor-element-ea1b546 elementor-widget elementor-widget-rt-testimonial\" data-id=\"ea1b546\" data-element_type=\"widget\" data-e-type=\"widget\" data-widget_type=\"rt-testimonial.default\">\n\t\t\t\t<div class=\"elementor-widget-container\">\n\t\t\t\t\t<div class=\"default-testimonial testimonial-4\">\r\n\t<div class=\"rt-related-slider\" data-xld = '{&quot;slidesPerView&quot;:2,&quot;loop&quot;:true,&quot;spaceBetween&quot;:30,&quot;slidesPerGroup&quot;:1,&quot;centeredSlides&quot;:false,&quot;slideToClickedSlide&quot;:true,&quot;autoplay&quot;:{&quot;delay&quot;:3000},&quot;speed&quot;:1000,&quot;breakpoints&quot;:{&quot;0&quot;:{&quot;slidesPerView&quot;:1},&quot;576&quot;:{&quot;slidesPerView&quot;:1},&quot;768&quot;:{&quot;slidesPerView&quot;:1},&quot;992&quot;:{&quot;slidesPerView&quot;:3},&quot;1200&quot;:{&quot;slidesPerView&quot;:3},&quot;1600&quot;:{&quot;slidesPerView&quot;:3}},&quot;auto&quot;:true}'>\r\n\t\t<div class=\"swiper-wrapper\">\r\n\t\t\t\t\t\t\t\t\t\t\t\t\t\t\t\t\t\t<div class=\"swiper-slide\">\r\n\t\t\t\t\t\t\t<div class=\"testimonial-item\">\r\n\t\t\t\t\t\t\t\t<div class=\"testimonial-content\">\r\n                                    <div class=\"testimonial-top-area\">\r\n                                        <div class=\"testimonial-figure\">\r\n                                                                                                                                                <div class=\"testimonial-thumb\"><img decoding=\"async\" width=\"41\" height=\"30\" src=\"https:\/\/aksemont.com\/wp-content\/uploads\/2023\/07\/users-icon.svg\" class=\"attachment-thumbnail size-thumbnail wp-post-image\" alt=\"users icon\" \/><\/div>\r\n                                                                                                <div class=\"item-icon\"><i class=\"fas fa-quote-left\"><\/i><\/div>\r\n                                                                                    <\/div>\r\n                                        <div class=\"designation-area\">\r\n                                            <h3 class=\"testimonial-title\">R.M.<\/h3>\r\n\t\t\t\t\t\t\t\t\t\t\t\t\t\t\t\t\t\t\t\t\t\t\t<div class=\"testimonial-designation\"> Owner and director\t\t\t\t\t\t\t\t\t\t\t\t<\/div>\r\n\t\t\t\t\t\t\t\t\t\t\t                                        <\/div>\r\n                                    <\/div>\r\n                                    <div class=\"person-info\">\r\n                                            <p>\"Professional. quickly and efficiently completed work. Any recommendation.\"<\/p>\t\t\t\t\t\t\t\t\t\t\t\t\t\t\t\t\t\t\t\t\t\t\t<ul class=\"rating\">\r\n\t\t\t\t\t\t\t\t\t\t\t\t\t\t\t\t\t\t\t\t\t\t\t\t\t\t\t<li class=\"star-rate\"><i class=\"fa fa-star\" aria-hidden=\"true\"><\/i><\/li>\r\n\t\t\t\t\t\t\t\t\t\t\t\t\t\t\t\t\t\t\t\t\t\t\t\t\t\t\t<li class=\"star-rate\"><i class=\"fa fa-star\" aria-hidden=\"true\"><\/i><\/li>\r\n\t\t\t\t\t\t\t\t\t\t\t\t\t\t\t\t\t\t\t\t\t\t\t\t\t\t\t<li class=\"star-rate\"><i class=\"fa fa-star\" aria-hidden=\"true\"><\/i><\/li>\r\n\t\t\t\t\t\t\t\t\t\t\t\t\t\t\t\t\t\t\t\t\t\t\t\t\t\t\t<li class=\"star-rate\"><i class=\"fa fa-star\" aria-hidden=\"true\"><\/i><\/li>\r\n\t\t\t\t\t\t\t\t\t\t\t\t\t\t\t\t\t\t\t\t\t\t\t\t\t\t\t<li class=\"star-rate\"><i class=\"fa fa-star\" aria-hidden=\"true\"><\/i><\/li>\r\n\t\t\t\t\t\t\t\t\t\t\t\t\t\t\t\t\r\n\t\t\t\t\t\t\t\t\t\t\t\t\t\t\t\t\t\t\t\t\t\t\t\t\t<\/ul>\r\n\t\t\t\t\t\t\t\t\t\t\t\t\t\t\t\t\t\t\t\t<\/div>\r\n\t\t\t\t\t\t\t\t<\/div>\r\n\t\t\t\t\t\t\t<\/div>\r\n\t\t\t\t\t\t<\/div>\r\n\t\t\t\t\t\t\t\t\t\t\t\t\t\t\t<div class=\"swiper-slide\">\r\n\t\t\t\t\t\t\t<div class=\"testimonial-item\">\r\n\t\t\t\t\t\t\t\t<div class=\"testimonial-content\">\r\n                                    <div class=\"testimonial-top-area\">\r\n                                        <div class=\"testimonial-figure\">\r\n                                                                                                                                                <div class=\"testimonial-thumb\"><img decoding=\"async\" width=\"41\" height=\"30\" src=\"https:\/\/aksemont.com\/wp-content\/uploads\/2023\/07\/users-icon.svg\" class=\"attachment-thumbnail size-thumbnail wp-post-image\" alt=\"users icon\" \/><\/div>\r\n                                                                                                <div class=\"item-icon\"><i class=\"fas fa-quote-left\"><\/i><\/div>\r\n                                                                                    <\/div>\r\n                                        <div class=\"designation-area\">\r\n                                            <h3 class=\"testimonial-title\">F.E.<\/h3>\r\n\t\t\t\t\t\t\t\t\t\t\t\t\t\t\t\t\t\t\t\t\t\t\t<div class=\"testimonial-designation\"> Production\t\t\t\t\t\t\t\t\t\t\t\t<\/div>\r\n\t\t\t\t\t\t\t\t\t\t\t                                        <\/div>\r\n                                    <\/div>\r\n                                    <div class=\"person-info\">\r\n                                            <p>\" A special cooling tower, arranged quickly and with quality. Extra team. \u201d<\/p>\t\t\t\t\t\t\t\t\t\t\t\t\t\t\t\t\t\t\t\t\t\t\t<ul class=\"rating\">\r\n\t\t\t\t\t\t\t\t\t\t\t\t\t\t\t\t\t\t\t\t\t\t\t\t\t\t\t<li class=\"star-rate\"><i class=\"fa fa-star\" aria-hidden=\"true\"><\/i><\/li>\r\n\t\t\t\t\t\t\t\t\t\t\t\t\t\t\t\t\t\t\t\t\t\t\t\t\t\t\t<li class=\"star-rate\"><i class=\"fa fa-star\" aria-hidden=\"true\"><\/i><\/li>\r\n\t\t\t\t\t\t\t\t\t\t\t\t\t\t\t\t\t\t\t\t\t\t\t\t\t\t\t<li class=\"star-rate\"><i class=\"fa fa-star\" aria-hidden=\"true\"><\/i><\/li>\r\n\t\t\t\t\t\t\t\t\t\t\t\t\t\t\t\t\t\t\t\t\t\t\t\t\t\t\t<li class=\"star-rate\"><i class=\"fa fa-star\" aria-hidden=\"true\"><\/i><\/li>\r\n\t\t\t\t\t\t\t\t\t\t\t\t\t\t\t\t\t\t\t\t\t\t\t\t\t\t\t<li class=\"star-rate\"><i class=\"fa fa-star\" aria-hidden=\"true\"><\/i><\/li>\r\n\t\t\t\t\t\t\t\t\t\t\t\t\t\t\t\t\r\n\t\t\t\t\t\t\t\t\t\t\t\t\t\t\t\t\t\t\t\t\t\t\t\t\t<\/ul>\r\n\t\t\t\t\t\t\t\t\t\t\t\t\t\t\t\t\t\t\t\t<\/div>\r\n\t\t\t\t\t\t\t\t<\/div>\r\n\t\t\t\t\t\t\t<\/div>\r\n\t\t\t\t\t\t<\/div>\r\n\t\t\t\t\t\t\t\t\t\t\t\t<\/div>\r\n        \t<\/div>\r\n<\/div>\t\t\t\t<\/div>\n\t\t\t\t<\/div>\n\t\t\t\t\t<\/div>\n\t\t<\/div>\n\t\t\t\t\t<\/div>\n\t\t<\/section>\n\t\t\t\t<div class=\"elementor-element elementor-element-28e2155 elementor-widget__width-auto elementor-absolute elementor-hidden-tablet elementor-hidden-mobile elementor-widget elementor-widget-image\" data-id=\"28e2155\" data-element_type=\"widget\" data-e-type=\"widget\" data-settings=\"{&quot;_position&quot;:&quot;absolute&quot;}\" data-widget_type=\"image.default\">\n\t\t\t\t<div class=\"elementor-widget-container\">\n\t\t\t\t\t\t\t\t\t\t\t\t\t\t\t<img loading=\"lazy\" decoding=\"async\" width=\"730\" height=\"359\" src=\"https:\/\/aksemont.com\/wp-content\/uploads\/2022\/01\/shape6.png\" class=\"attachment-full size-full wp-image-6721\" alt=\"shape6\" srcset=\"https:\/\/aksemont.com\/wp-content\/uploads\/2022\/01\/shape6.png 730w, https:\/\/aksemont.com\/wp-content\/uploads\/2022\/01\/shape6-155x76.png 155w, https:\/\/aksemont.com\/wp-content\/uploads\/2022\/01\/shape6-300x148.png 300w\" sizes=\"(max-width: 730px) 100vw, 730px\" \/>\t\t\t\t\t\t\t\t\t\t\t\t\t\t\t<\/div>\n\t\t\t\t<\/div>\n\t\t\t\t<div class=\"elementor-element elementor-element-fb18c67 elementor-widget__width-auto elementor-absolute elementor-hidden-tablet elementor-hidden-mobile elementor-widget elementor-widget-image\" data-id=\"fb18c67\" data-element_type=\"widget\" data-e-type=\"widget\" data-settings=\"{&quot;_position&quot;:&quot;absolute&quot;}\" data-widget_type=\"image.default\">\n\t\t\t\t<div class=\"elementor-widget-container\">\n\t\t\t\t\t\t\t\t\t\t\t\t\t\t\t<img loading=\"lazy\" decoding=\"async\" width=\"730\" height=\"359\" src=\"https:\/\/aksemont.com\/wp-content\/uploads\/2022\/01\/shape9.png\" class=\"attachment-full size-full wp-image-6722\" alt=\"shape9\" srcset=\"https:\/\/aksemont.com\/wp-content\/uploads\/2022\/01\/shape9.png 730w, https:\/\/aksemont.com\/wp-content\/uploads\/2022\/01\/shape9-155x76.png 155w, https:\/\/aksemont.com\/wp-content\/uploads\/2022\/01\/shape9-300x148.png 300w\" sizes=\"(max-width: 730px) 100vw, 730px\" \/>\t\t\t\t\t\t\t\t\t\t\t\t\t\t\t<\/div>\n\t\t\t\t<\/div>\n\t\t\t\t\t<\/div>\n\t\t<\/div>\n\t\t\t\t\t<\/div>\n\t\t<\/section>\n\t\t\t\t<\/div>","protected":false},"excerpt":{"rendered":"<p>OUR TESTIMONIALS We are Very Glad to Know Our Client Reviews Our agency can only be as strong as our peopleagenhave run their businesses Duis aute irure dolorrepreh Steven Sjones CEO Founder \u201c when an unknown printer took a galley of type and scrambled it to make a type specimen book. It has survived not [&hellip;]<\/p>","protected":false},"author":1,"featured_media":0,"parent":0,"menu_order":0,"comment_status":"closed","ping_status":"closed","template":"elementor_header_footer","meta":{"footnotes":""},"class_list":["post-7634","page","type-page","status-publish","hentry"],"yoast_head":"<!-- This site is optimized with the Yoast SEO plugin v26.9 - https:\/\/yoast.com\/product\/yoast-seo-wordpress\/ -->\n<title>Testimonial Page 1 - Aksemont<\/title>\n<meta name=\"description\" content=\"Izrada i monta\u017ea \u010deli\u010dnih konstrukcija i opreme. Izrada procesne opreme. Izrada industrijskih tankova, transportera, silosa, posuda.\" \/>\n<meta name=\"robots\" content=\"index, follow, max-snippet:-1, max-image-preview:large, max-video-preview:-1\" \/>\n<link rel=\"canonical\" href=\"https:\/\/aksemont.com\/en\/testimonial-page-1\/\" \/>\n<meta property=\"og:locale\" content=\"en_US\" \/>\n<meta property=\"og:type\" content=\"article\" \/>\n<meta property=\"og:title\" content=\"Testimonial Page 1 - Aksemont\" \/>\n<meta property=\"og:description\" content=\"Izrada i monta\u017ea \u010deli\u010dnih konstrukcija i opreme. Izrada procesne opreme. Izrada industrijskih tankova, transportera, silosa, posuda.\" \/>\n<meta property=\"og:url\" content=\"https:\/\/aksemont.com\/en\/testimonial-page-1\/\" \/>\n<meta property=\"og:site_name\" content=\"Aksemont\" \/>\n<meta property=\"article:modified_time\" content=\"2022-02-07T04:50:44+00:00\" \/>\n<meta property=\"og:image\" content=\"https:\/\/aksemont.com\/web\/wp-content\/uploads\/2022\/01\/shape8.png\" \/>\n<meta name=\"twitter:card\" content=\"summary_large_image\" \/>\n<meta name=\"twitter:label1\" content=\"Est. reading time\" \/>\n\t<meta name=\"twitter:data1\" content=\"1 minute\" \/>\n<script type=\"application\/ld+json\" class=\"yoast-schema-graph\">{\"@context\":\"https:\/\/schema.org\",\"@graph\":[{\"@type\":\"WebPage\",\"@id\":\"https:\/\/aksemont.com\/testimonial-page-1\/\",\"url\":\"https:\/\/aksemont.com\/testimonial-page-1\/\",\"name\":\"Testimonial Page 1 - Aksemont\",\"isPartOf\":{\"@id\":\"https:\/\/aksemont.com\/en\/#website\"},\"primaryImageOfPage\":{\"@id\":\"https:\/\/aksemont.com\/testimonial-page-1\/#primaryimage\"},\"image\":{\"@id\":\"https:\/\/aksemont.com\/testimonial-page-1\/#primaryimage\"},\"thumbnailUrl\":\"https:\/\/aksemont.com\/web\/wp-content\/uploads\/2022\/01\/shape8.png\",\"datePublished\":\"2022-02-07T04:48:50+00:00\",\"dateModified\":\"2022-02-07T04:50:44+00:00\",\"description\":\"Izrada i monta\u017ea \u010deli\u010dnih konstrukcija i opreme. Izrada procesne opreme. Izrada industrijskih tankova, transportera, silosa, posuda.\",\"breadcrumb\":{\"@id\":\"https:\/\/aksemont.com\/testimonial-page-1\/#breadcrumb\"},\"inLanguage\":\"en-US\",\"potentialAction\":[{\"@type\":\"ReadAction\",\"target\":[\"https:\/\/aksemont.com\/testimonial-page-1\/\"]}]},{\"@type\":\"ImageObject\",\"inLanguage\":\"en-US\",\"@id\":\"https:\/\/aksemont.com\/testimonial-page-1\/#primaryimage\",\"url\":\"https:\/\/aksemont.com\/web\/wp-content\/uploads\/2022\/01\/shape8.png\",\"contentUrl\":\"https:\/\/aksemont.com\/web\/wp-content\/uploads\/2022\/01\/shape8.png\"},{\"@type\":\"BreadcrumbList\",\"@id\":\"https:\/\/aksemont.com\/testimonial-page-1\/#breadcrumb\",\"itemListElement\":[{\"@type\":\"ListItem\",\"position\":1,\"name\":\"Home\",\"item\":\"https:\/\/aksemont.com\/en\/\"},{\"@type\":\"ListItem\",\"position\":2,\"name\":\"Testimonial Page 1\"}]},{\"@type\":\"WebSite\",\"@id\":\"https:\/\/aksemont.com\/en\/#website\",\"url\":\"https:\/\/aksemont.com\/en\/\",\"name\":\"Aksemont\",\"description\":\"Izrada \u010deli\u010dnih konstrukcija\",\"publisher\":{\"@id\":\"https:\/\/aksemont.com\/en\/#organization\"},\"alternateName\":\"Izrada i monta\u017ea \u010deli\u010dnih konstrukcija i opreme\",\"potentialAction\":[{\"@type\":\"SearchAction\",\"target\":{\"@type\":\"EntryPoint\",\"urlTemplate\":\"https:\/\/aksemont.com\/en\/?s={search_term_string}\"},\"query-input\":{\"@type\":\"PropertyValueSpecification\",\"valueRequired\":true,\"valueName\":\"search_term_string\"}}],\"inLanguage\":\"en-US\"},{\"@type\":\"Organization\",\"@id\":\"https:\/\/aksemont.com\/en\/#organization\",\"name\":\"Izrada i monta\u017ea \u010deli\u010dnih konstrukcija i opreme\",\"url\":\"https:\/\/aksemont.com\/en\/\",\"logo\":{\"@type\":\"ImageObject\",\"inLanguage\":\"en-US\",\"@id\":\"https:\/\/aksemont.com\/en\/#\/schema\/logo\/image\/\",\"url\":\"https:\/\/aksemont.com\/wp-content\/uploads\/2023\/10\/logo2.png\",\"contentUrl\":\"https:\/\/aksemont.com\/wp-content\/uploads\/2023\/10\/logo2.png\",\"width\":582,\"height\":100,\"caption\":\"Izrada i monta\u017ea \u010deli\u010dnih konstrukcija i opreme\"},\"image\":{\"@id\":\"https:\/\/aksemont.com\/en\/#\/schema\/logo\/image\/\"}}]}<\/script>\n<!-- \/ Yoast SEO plugin. -->","yoast_head_json":{"title":"Testimonial Page 1 - Aksemont","description":"Izrada i monta\u017ea \u010deli\u010dnih konstrukcija i opreme. Izrada procesne opreme. Izrada industrijskih tankova, transportera, silosa, posuda.","robots":{"index":"index","follow":"follow","max-snippet":"max-snippet:-1","max-image-preview":"max-image-preview:large","max-video-preview":"max-video-preview:-1"},"canonical":"https:\/\/aksemont.com\/en\/testimonial-page-1\/","og_locale":"en_US","og_type":"article","og_title":"Testimonial Page 1 - Aksemont","og_description":"Izrada i monta\u017ea \u010deli\u010dnih konstrukcija i opreme. Izrada procesne opreme. Izrada industrijskih tankova, transportera, silosa, posuda.","og_url":"https:\/\/aksemont.com\/en\/testimonial-page-1\/","og_site_name":"Aksemont","article_modified_time":"2022-02-07T04:50:44+00:00","og_image":[{"url":"https:\/\/aksemont.com\/web\/wp-content\/uploads\/2022\/01\/shape8.png","type":"","width":"","height":""}],"twitter_card":"summary_large_image","twitter_misc":{"Est. reading time":"1 minute"},"schema":{"@context":"https:\/\/schema.org","@graph":[{"@type":"WebPage","@id":"https:\/\/aksemont.com\/testimonial-page-1\/","url":"https:\/\/aksemont.com\/testimonial-page-1\/","name":"Testimonial Page 1 - Aksemont","isPartOf":{"@id":"https:\/\/aksemont.com\/en\/#website"},"primaryImageOfPage":{"@id":"https:\/\/aksemont.com\/testimonial-page-1\/#primaryimage"},"image":{"@id":"https:\/\/aksemont.com\/testimonial-page-1\/#primaryimage"},"thumbnailUrl":"https:\/\/aksemont.com\/web\/wp-content\/uploads\/2022\/01\/shape8.png","datePublished":"2022-02-07T04:48:50+00:00","dateModified":"2022-02-07T04:50:44+00:00","description":"Izrada i monta\u017ea \u010deli\u010dnih konstrukcija i opreme. Izrada procesne opreme. Izrada industrijskih tankova, transportera, silosa, posuda.","breadcrumb":{"@id":"https:\/\/aksemont.com\/testimonial-page-1\/#breadcrumb"},"inLanguage":"en-US","potentialAction":[{"@type":"ReadAction","target":["https:\/\/aksemont.com\/testimonial-page-1\/"]}]},{"@type":"ImageObject","inLanguage":"en-US","@id":"https:\/\/aksemont.com\/testimonial-page-1\/#primaryimage","url":"https:\/\/aksemont.com\/web\/wp-content\/uploads\/2022\/01\/shape8.png","contentUrl":"https:\/\/aksemont.com\/web\/wp-content\/uploads\/2022\/01\/shape8.png"},{"@type":"BreadcrumbList","@id":"https:\/\/aksemont.com\/testimonial-page-1\/#breadcrumb","itemListElement":[{"@type":"ListItem","position":1,"name":"Home","item":"https:\/\/aksemont.com\/en\/"},{"@type":"ListItem","position":2,"name":"Testimonial Page 1"}]},{"@type":"WebSite","@id":"https:\/\/aksemont.com\/en\/#website","url":"https:\/\/aksemont.com\/en\/","name":"Aksemont","description":"Production of steel structures","publisher":{"@id":"https:\/\/aksemont.com\/en\/#organization"},"alternateName":"Izrada i monta\u017ea \u010deli\u010dnih konstrukcija i opreme","potentialAction":[{"@type":"SearchAction","target":{"@type":"EntryPoint","urlTemplate":"https:\/\/aksemont.com\/en\/?s={search_term_string}"},"query-input":{"@type":"PropertyValueSpecification","valueRequired":true,"valueName":"search_term_string"}}],"inLanguage":"en-US"},{"@type":"Organization","@id":"https:\/\/aksemont.com\/en\/#organization","name":"Production and assembly of steel structures and equipment","url":"https:\/\/aksemont.com\/en\/","logo":{"@type":"ImageObject","inLanguage":"en-US","@id":"https:\/\/aksemont.com\/en\/#\/schema\/logo\/image\/","url":"https:\/\/aksemont.com\/wp-content\/uploads\/2023\/10\/logo2.png","contentUrl":"https:\/\/aksemont.com\/wp-content\/uploads\/2023\/10\/logo2.png","width":582,"height":100,"caption":"Izrada i monta\u017ea \u010deli\u010dnih konstrukcija i opreme"},"image":{"@id":"https:\/\/aksemont.com\/en\/#\/schema\/logo\/image\/"}}]}},"_links":{"self":[{"href":"https:\/\/aksemont.com\/en\/wp-json\/wp\/v2\/pages\/7634","targetHints":{"allow":["GET"]}}],"collection":[{"href":"https:\/\/aksemont.com\/en\/wp-json\/wp\/v2\/pages"}],"about":[{"href":"https:\/\/aksemont.com\/en\/wp-json\/wp\/v2\/types\/page"}],"author":[{"embeddable":true,"href":"https:\/\/aksemont.com\/en\/wp-json\/wp\/v2\/users\/1"}],"replies":[{"embeddable":true,"href":"https:\/\/aksemont.com\/en\/wp-json\/wp\/v2\/comments?post=7634"}],"version-history":[{"count":0,"href":"https:\/\/aksemont.com\/en\/wp-json\/wp\/v2\/pages\/7634\/revisions"}],"wp:attachment":[{"href":"https:\/\/aksemont.com\/en\/wp-json\/wp\/v2\/media?parent=7634"}],"curies":[{"name":"wp","href":"https:\/\/api.w.org\/{rel}","templated":true}]}}