{"id":3224,"date":"2021-11-10T06:44:40","date_gmt":"2021-11-10T06:44:40","guid":{"rendered":"https:\/\/aksemont.com\/web\/?page_id=3224"},"modified":"2021-11-10T06:49:42","modified_gmt":"2021-11-10T06:49:42","slug":"portfolio-addon","status":"publish","type":"page","link":"https:\/\/aksemont.com\/en\/portfolio-addon\/","title":{"rendered":"Portfolio Addon"},"content":{"rendered":"<div data-elementor-type=\"wp-page\" data-elementor-id=\"3224\" class=\"elementor elementor-3224\">\n\t\t\t\t\t\t<section class=\"elementor-section elementor-top-section elementor-element elementor-element-c605185 elementor-section-stretched elementor-section-boxed elementor-section-height-default elementor-section-height-default rt-parallax-bg-no\" data-id=\"c605185\" data-element_type=\"section\" data-e-type=\"section\" data-settings=\"{&quot;stretch_section&quot;:&quot;section-stretched&quot;}\">\n\t\t\t\t\t\t<div class=\"elementor-container elementor-column-gap-default\">\n\t\t\t\t\t<div class=\"elementor-column elementor-col-100 elementor-top-column elementor-element elementor-element-c8fa70a\" data-id=\"c8fa70a\" data-element_type=\"column\" data-e-type=\"column\">\n\t\t\t<div class=\"elementor-widget-wrap elementor-element-populated\">\n\t\t\t\t\t\t<div class=\"elementor-element elementor-element-4d6eaa8 elementor-widget elementor-widget-heading\" data-id=\"4d6eaa8\" data-element_type=\"widget\" data-e-type=\"widget\" data-widget_type=\"heading.default\">\n\t\t\t\t<div class=\"elementor-widget-container\">\n\t\t\t\t\t<h2 class=\"elementor-heading-title elementor-size-default\">Portfolio Addon Style 1<\/h2>\t\t\t\t<\/div>\n\t\t\t\t<\/div>\n\t\t\t\t<section class=\"elementor-section elementor-inner-section elementor-element elementor-element-3a86dd7 elementor-section-boxed elementor-section-height-default elementor-section-height-default rt-parallax-bg-no\" data-id=\"3a86dd7\" data-element_type=\"section\" data-e-type=\"section\">\n\t\t\t\t\t\t<div class=\"elementor-container elementor-column-gap-default\">\n\t\t\t\t\t<div class=\"elementor-column elementor-col-100 elementor-inner-column elementor-element elementor-element-8b6b17f\" data-id=\"8b6b17f\" data-element_type=\"column\" data-e-type=\"column\">\n\t\t\t<div class=\"elementor-widget-wrap elementor-element-populated\">\n\t\t\t\t\t\t<div class=\"elementor-element elementor-element-d89641d elementor-widget elementor-widget-portfolio\" data-id=\"d89641d\" data-element_type=\"widget\" data-e-type=\"widget\" data-widget_type=\"portfolio.default\">\n\t\t\t\t<div class=\"elementor-widget-container\">\n\t\t\t\t\t \t\t\t\t<\/div>\n\t\t\t\t<\/div>\n\t\t\t\t\t<\/div>\n\t\t<\/div>\n\t\t\t\t\t<\/div>\n\t\t<\/section>\n\t\t\t\t\t<\/div>\n\t\t<\/div>\n\t\t\t\t\t<\/div>\n\t\t<\/section>\n\t\t\t\t<section class=\"elementor-section elementor-top-section elementor-element elementor-element-5745bc7 elementor-section-stretched elementor-section-boxed elementor-section-height-default elementor-section-height-default rt-parallax-bg-no\" data-id=\"5745bc7\" data-element_type=\"section\" data-e-type=\"section\" data-settings=\"{&quot;stretch_section&quot;:&quot;section-stretched&quot;}\">\n\t\t\t\t\t\t<div class=\"elementor-container elementor-column-gap-default\">\n\t\t\t\t\t<div class=\"elementor-column elementor-col-100 elementor-top-column elementor-element elementor-element-30f272e\" data-id=\"30f272e\" data-element_type=\"column\" data-e-type=\"column\">\n\t\t\t<div class=\"elementor-widget-wrap elementor-element-populated\">\n\t\t\t\t\t\t<div class=\"elementor-element elementor-element-de64a77 elementor-widget elementor-widget-heading\" data-id=\"de64a77\" data-element_type=\"widget\" data-e-type=\"widget\" data-widget_type=\"heading.default\">\n\t\t\t\t<div class=\"elementor-widget-container\">\n\t\t\t\t\t<h2 class=\"elementor-heading-title elementor-size-default\">Portfolio Addon Style 2<\/h2>\t\t\t\t<\/div>\n\t\t\t\t<\/div>\n\t\t\t\t<section class=\"elementor-section elementor-inner-section elementor-element elementor-element-38ab65a elementor-section-boxed elementor-section-height-default elementor-section-height-default rt-parallax-bg-no\" data-id=\"38ab65a\" data-element_type=\"section\" data-e-type=\"section\">\n\t\t\t\t\t\t<div class=\"elementor-container elementor-column-gap-default\">\n\t\t\t\t\t<div class=\"elementor-column elementor-col-100 elementor-inner-column elementor-element elementor-element-19932df\" data-id=\"19932df\" data-element_type=\"column\" data-e-type=\"column\">\n\t\t\t<div class=\"elementor-widget-wrap elementor-element-populated\">\n\t\t\t\t\t\t<div class=\"elementor-element elementor-element-0b2cd45 elementor-widget elementor-widget-portfolio\" data-id=\"0b2cd45\" data-element_type=\"widget\" data-e-type=\"widget\" data-widget_type=\"portfolio.default\">\n\t\t\t\t<div class=\"elementor-widget-container\">\n\t\t\t\t\t \t\t\t\t<\/div>\n\t\t\t\t<\/div>\n\t\t\t\t\t<\/div>\n\t\t<\/div>\n\t\t\t\t\t<\/div>\n\t\t<\/section>\n\t\t\t\t\t<\/div>\n\t\t<\/div>\n\t\t\t\t\t<\/div>\n\t\t<\/section>\n\t\t\t\t<section class=\"elementor-section elementor-top-section elementor-element elementor-element-303c7ba elementor-section-stretched elementor-section-boxed elementor-section-height-default elementor-section-height-default rt-parallax-bg-no\" data-id=\"303c7ba\" data-element_type=\"section\" data-e-type=\"section\" data-settings=\"{&quot;stretch_section&quot;:&quot;section-stretched&quot;}\">\n\t\t\t\t\t\t<div class=\"elementor-container elementor-column-gap-default\">\n\t\t\t\t\t<div class=\"elementor-column elementor-col-100 elementor-top-column elementor-element elementor-element-fc1863a\" data-id=\"fc1863a\" data-element_type=\"column\" data-e-type=\"column\">\n\t\t\t<div class=\"elementor-widget-wrap elementor-element-populated\">\n\t\t\t\t\t\t<div class=\"elementor-element elementor-element-ea2dfc4 elementor-widget elementor-widget-heading\" data-id=\"ea2dfc4\" data-element_type=\"widget\" data-e-type=\"widget\" data-widget_type=\"heading.default\">\n\t\t\t\t<div class=\"elementor-widget-container\">\n\t\t\t\t\t<h2 class=\"elementor-heading-title elementor-size-default\">Portfolio Addon Style 3<\/h2>\t\t\t\t<\/div>\n\t\t\t\t<\/div>\n\t\t\t\t<section class=\"elementor-section elementor-inner-section elementor-element elementor-element-d331198 elementor-section-boxed elementor-section-height-default elementor-section-height-default rt-parallax-bg-no\" data-id=\"d331198\" data-element_type=\"section\" data-e-type=\"section\">\n\t\t\t\t\t\t<div class=\"elementor-container elementor-column-gap-default\">\n\t\t\t\t\t<div class=\"elementor-column elementor-col-100 elementor-inner-column elementor-element elementor-element-1d434a4\" data-id=\"1d434a4\" data-element_type=\"column\" data-e-type=\"column\">\n\t\t\t<div class=\"elementor-widget-wrap elementor-element-populated\">\n\t\t\t\t\t\t<div class=\"elementor-element elementor-element-b174dcf elementor-widget elementor-widget-portfolio\" data-id=\"b174dcf\" data-element_type=\"widget\" data-e-type=\"widget\" data-widget_type=\"portfolio.default\">\n\t\t\t\t<div class=\"elementor-widget-container\">\n\t\t\t\t\t \t\t\t\t<\/div>\n\t\t\t\t<\/div>\n\t\t\t\t\t<\/div>\n\t\t<\/div>\n\t\t\t\t\t<\/div>\n\t\t<\/section>\n\t\t\t\t\t<\/div>\n\t\t<\/div>\n\t\t\t\t\t<\/div>\n\t\t<\/section>\n\t\t\t\t<\/div>","protected":false},"excerpt":{"rendered":"<p>Portfolio Addon Style 1 Business Strategy, Marketing Our Business Growth Business Strategy Our Business Growth Marketing Our Business Growth Marketing Our Business Growth Business Strategy Our Business Growth Income Tax Our Business Growth ALL Portfolio Portfolio Addon Style 2 01 Business Strategy, Marketing Our Business Growth Dorem Ipsum has been the industry&#8217;s standard dummy text [&hellip;]<\/p>","protected":false},"author":1,"featured_media":0,"parent":0,"menu_order":0,"comment_status":"closed","ping_status":"closed","template":"","meta":{"footnotes":""},"class_list":["post-3224","page","type-page","status-publish","hentry"],"yoast_head":"<!-- This site is optimized with the Yoast SEO plugin v26.9 - https:\/\/yoast.com\/product\/yoast-seo-wordpress\/ -->\n<title>Portfolio Addon - Aksemont<\/title>\n<meta name=\"description\" content=\"Izrada i monta\u017ea \u010deli\u010dnih konstrukcija i opreme. Izrada procesne opreme. Izrada industrijskih tankova, transportera, silosa, posuda.\" \/>\n<meta name=\"robots\" content=\"index, follow, max-snippet:-1, max-image-preview:large, max-video-preview:-1\" \/>\n<link rel=\"canonical\" href=\"https:\/\/aksemont.com\/en\/portfolio-addon\/\" \/>\n<meta property=\"og:locale\" content=\"en_US\" \/>\n<meta property=\"og:type\" content=\"article\" \/>\n<meta property=\"og:title\" content=\"Portfolio Addon - Aksemont\" \/>\n<meta property=\"og:description\" content=\"Izrada i monta\u017ea \u010deli\u010dnih konstrukcija i opreme. Izrada procesne opreme. Izrada industrijskih tankova, transportera, silosa, posuda.\" \/>\n<meta property=\"og:url\" content=\"https:\/\/aksemont.com\/en\/portfolio-addon\/\" \/>\n<meta property=\"og:site_name\" content=\"Aksemont\" \/>\n<meta property=\"article:modified_time\" content=\"2021-11-10T06:49:42+00:00\" \/>\n<meta property=\"og:image\" content=\"https:\/\/aksemont.com\/web\/wp-content\/uploads\/2021\/10\/portfolio12-570x406.jpg\" \/>\n<meta name=\"twitter:card\" content=\"summary_large_image\" \/>\n<meta name=\"twitter:label1\" content=\"Est. reading time\" \/>\n\t<meta name=\"twitter:data1\" content=\"2 minutes\" \/>\n<script type=\"application\/ld+json\" class=\"yoast-schema-graph\">{\"@context\":\"https:\/\/schema.org\",\"@graph\":[{\"@type\":\"WebPage\",\"@id\":\"https:\/\/aksemont.com\/portfolio-addon\/\",\"url\":\"https:\/\/aksemont.com\/portfolio-addon\/\",\"name\":\"Portfolio Addon - Aksemont\",\"isPartOf\":{\"@id\":\"https:\/\/aksemont.com\/en\/#website\"},\"primaryImageOfPage\":{\"@id\":\"https:\/\/aksemont.com\/portfolio-addon\/#primaryimage\"},\"image\":{\"@id\":\"https:\/\/aksemont.com\/portfolio-addon\/#primaryimage\"},\"thumbnailUrl\":\"https:\/\/aksemont.com\/web\/wp-content\/uploads\/2021\/10\/portfolio12-570x406.jpg\",\"datePublished\":\"2021-11-10T06:44:40+00:00\",\"dateModified\":\"2021-11-10T06:49:42+00:00\",\"description\":\"Izrada i monta\u017ea \u010deli\u010dnih konstrukcija i opreme. Izrada procesne opreme. Izrada industrijskih tankova, transportera, silosa, posuda.\",\"breadcrumb\":{\"@id\":\"https:\/\/aksemont.com\/portfolio-addon\/#breadcrumb\"},\"inLanguage\":\"en-US\",\"potentialAction\":[{\"@type\":\"ReadAction\",\"target\":[\"https:\/\/aksemont.com\/portfolio-addon\/\"]}]},{\"@type\":\"ImageObject\",\"inLanguage\":\"en-US\",\"@id\":\"https:\/\/aksemont.com\/portfolio-addon\/#primaryimage\",\"url\":\"https:\/\/aksemont.com\/web\/wp-content\/uploads\/2021\/10\/portfolio12-570x406.jpg\",\"contentUrl\":\"https:\/\/aksemont.com\/web\/wp-content\/uploads\/2021\/10\/portfolio12-570x406.jpg\"},{\"@type\":\"BreadcrumbList\",\"@id\":\"https:\/\/aksemont.com\/portfolio-addon\/#breadcrumb\",\"itemListElement\":[{\"@type\":\"ListItem\",\"position\":1,\"name\":\"Home\",\"item\":\"https:\/\/aksemont.com\/en\/\"},{\"@type\":\"ListItem\",\"position\":2,\"name\":\"Portfolio Addon\"}]},{\"@type\":\"WebSite\",\"@id\":\"https:\/\/aksemont.com\/en\/#website\",\"url\":\"https:\/\/aksemont.com\/en\/\",\"name\":\"Aksemont\",\"description\":\"Izrada \u010deli\u010dnih konstrukcija\",\"publisher\":{\"@id\":\"https:\/\/aksemont.com\/en\/#organization\"},\"alternateName\":\"Izrada i monta\u017ea \u010deli\u010dnih konstrukcija i opreme\",\"potentialAction\":[{\"@type\":\"SearchAction\",\"target\":{\"@type\":\"EntryPoint\",\"urlTemplate\":\"https:\/\/aksemont.com\/en\/?s={search_term_string}\"},\"query-input\":{\"@type\":\"PropertyValueSpecification\",\"valueRequired\":true,\"valueName\":\"search_term_string\"}}],\"inLanguage\":\"en-US\"},{\"@type\":\"Organization\",\"@id\":\"https:\/\/aksemont.com\/en\/#organization\",\"name\":\"Izrada i monta\u017ea \u010deli\u010dnih konstrukcija i opreme\",\"url\":\"https:\/\/aksemont.com\/en\/\",\"logo\":{\"@type\":\"ImageObject\",\"inLanguage\":\"en-US\",\"@id\":\"https:\/\/aksemont.com\/en\/#\/schema\/logo\/image\/\",\"url\":\"https:\/\/aksemont.com\/wp-content\/uploads\/2023\/10\/logo2.png\",\"contentUrl\":\"https:\/\/aksemont.com\/wp-content\/uploads\/2023\/10\/logo2.png\",\"width\":582,\"height\":100,\"caption\":\"Izrada i monta\u017ea \u010deli\u010dnih konstrukcija i opreme\"},\"image\":{\"@id\":\"https:\/\/aksemont.com\/en\/#\/schema\/logo\/image\/\"}}]}<\/script>\n<!-- \/ Yoast SEO plugin. -->","yoast_head_json":{"title":"Portfolio Addon - Aksemont","description":"Izrada i monta\u017ea \u010deli\u010dnih konstrukcija i opreme. Izrada procesne opreme. Izrada industrijskih tankova, transportera, silosa, posuda.","robots":{"index":"index","follow":"follow","max-snippet":"max-snippet:-1","max-image-preview":"max-image-preview:large","max-video-preview":"max-video-preview:-1"},"canonical":"https:\/\/aksemont.com\/en\/portfolio-addon\/","og_locale":"en_US","og_type":"article","og_title":"Portfolio Addon - Aksemont","og_description":"Izrada i monta\u017ea \u010deli\u010dnih konstrukcija i opreme. Izrada procesne opreme. Izrada industrijskih tankova, transportera, silosa, posuda.","og_url":"https:\/\/aksemont.com\/en\/portfolio-addon\/","og_site_name":"Aksemont","article_modified_time":"2021-11-10T06:49:42+00:00","og_image":[{"url":"https:\/\/aksemont.com\/web\/wp-content\/uploads\/2021\/10\/portfolio12-570x406.jpg","type":"","width":"","height":""}],"twitter_card":"summary_large_image","twitter_misc":{"Est. reading time":"2 minutes"},"schema":{"@context":"https:\/\/schema.org","@graph":[{"@type":"WebPage","@id":"https:\/\/aksemont.com\/portfolio-addon\/","url":"https:\/\/aksemont.com\/portfolio-addon\/","name":"Portfolio Addon - Aksemont","isPartOf":{"@id":"https:\/\/aksemont.com\/en\/#website"},"primaryImageOfPage":{"@id":"https:\/\/aksemont.com\/portfolio-addon\/#primaryimage"},"image":{"@id":"https:\/\/aksemont.com\/portfolio-addon\/#primaryimage"},"thumbnailUrl":"https:\/\/aksemont.com\/web\/wp-content\/uploads\/2021\/10\/portfolio12-570x406.jpg","datePublished":"2021-11-10T06:44:40+00:00","dateModified":"2021-11-10T06:49:42+00:00","description":"Izrada i monta\u017ea \u010deli\u010dnih konstrukcija i opreme. Izrada procesne opreme. Izrada industrijskih tankova, transportera, silosa, posuda.","breadcrumb":{"@id":"https:\/\/aksemont.com\/portfolio-addon\/#breadcrumb"},"inLanguage":"en-US","potentialAction":[{"@type":"ReadAction","target":["https:\/\/aksemont.com\/portfolio-addon\/"]}]},{"@type":"ImageObject","inLanguage":"en-US","@id":"https:\/\/aksemont.com\/portfolio-addon\/#primaryimage","url":"https:\/\/aksemont.com\/web\/wp-content\/uploads\/2021\/10\/portfolio12-570x406.jpg","contentUrl":"https:\/\/aksemont.com\/web\/wp-content\/uploads\/2021\/10\/portfolio12-570x406.jpg"},{"@type":"BreadcrumbList","@id":"https:\/\/aksemont.com\/portfolio-addon\/#breadcrumb","itemListElement":[{"@type":"ListItem","position":1,"name":"Home","item":"https:\/\/aksemont.com\/en\/"},{"@type":"ListItem","position":2,"name":"Portfolio Addon"}]},{"@type":"WebSite","@id":"https:\/\/aksemont.com\/en\/#website","url":"https:\/\/aksemont.com\/en\/","name":"Aksemont","description":"Production of steel structures","publisher":{"@id":"https:\/\/aksemont.com\/en\/#organization"},"alternateName":"Izrada i monta\u017ea \u010deli\u010dnih konstrukcija i opreme","potentialAction":[{"@type":"SearchAction","target":{"@type":"EntryPoint","urlTemplate":"https:\/\/aksemont.com\/en\/?s={search_term_string}"},"query-input":{"@type":"PropertyValueSpecification","valueRequired":true,"valueName":"search_term_string"}}],"inLanguage":"en-US"},{"@type":"Organization","@id":"https:\/\/aksemont.com\/en\/#organization","name":"Production and assembly of steel structures and equipment","url":"https:\/\/aksemont.com\/en\/","logo":{"@type":"ImageObject","inLanguage":"en-US","@id":"https:\/\/aksemont.com\/en\/#\/schema\/logo\/image\/","url":"https:\/\/aksemont.com\/wp-content\/uploads\/2023\/10\/logo2.png","contentUrl":"https:\/\/aksemont.com\/wp-content\/uploads\/2023\/10\/logo2.png","width":582,"height":100,"caption":"Izrada i monta\u017ea \u010deli\u010dnih konstrukcija i opreme"},"image":{"@id":"https:\/\/aksemont.com\/en\/#\/schema\/logo\/image\/"}}]}},"_links":{"self":[{"href":"https:\/\/aksemont.com\/en\/wp-json\/wp\/v2\/pages\/3224","targetHints":{"allow":["GET"]}}],"collection":[{"href":"https:\/\/aksemont.com\/en\/wp-json\/wp\/v2\/pages"}],"about":[{"href":"https:\/\/aksemont.com\/en\/wp-json\/wp\/v2\/types\/page"}],"author":[{"embeddable":true,"href":"https:\/\/aksemont.com\/en\/wp-json\/wp\/v2\/users\/1"}],"replies":[{"embeddable":true,"href":"https:\/\/aksemont.com\/en\/wp-json\/wp\/v2\/comments?post=3224"}],"version-history":[{"count":0,"href":"https:\/\/aksemont.com\/en\/wp-json\/wp\/v2\/pages\/3224\/revisions"}],"wp:attachment":[{"href":"https:\/\/aksemont.com\/en\/wp-json\/wp\/v2\/media?parent=3224"}],"curies":[{"name":"wp","href":"https:\/\/api.w.org\/{rel}","templated":true}]}}