{"id":2462,"date":"2021-11-03T09:46:07","date_gmt":"2021-11-03T09:46:07","guid":{"rendered":"https:\/\/aksemont.com\/web\/?page_id=2462"},"modified":"2021-11-25T03:43:54","modified_gmt":"2021-11-25T03:43:54","slug":"pricing-table","status":"publish","type":"page","link":"https:\/\/aksemont.com\/en\/pricing-table\/","title":{"rendered":"Pricing Table"},"content":{"rendered":"<div data-elementor-type=\"wp-page\" data-elementor-id=\"2462\" class=\"elementor elementor-2462\">\n\t\t\t\t\t\t<section class=\"elementor-section elementor-top-section elementor-element elementor-element-a9bc6b0 elementor-section-boxed elementor-section-height-default elementor-section-height-default rt-parallax-bg-no\" data-id=\"a9bc6b0\" data-element_type=\"section\" data-e-type=\"section\">\n\t\t\t\t\t\t<div class=\"elementor-container elementor-column-gap-default\">\n\t\t\t\t\t<div class=\"elementor-column elementor-col-33 elementor-top-column elementor-element elementor-element-437c968\" data-id=\"437c968\" data-element_type=\"column\" data-e-type=\"column\">\n\t\t\t<div class=\"elementor-widget-wrap elementor-element-populated\">\n\t\t\t\t\t\t<div class=\"elementor-element elementor-element-9b20a6e elementor-widget elementor-widget-rt-pricing-plan\" data-id=\"9b20a6e\" data-element_type=\"widget\" data-e-type=\"widget\" data-widget_type=\"rt-pricing-plan.default\">\n\t\t\t\t<div class=\"elementor-widget-container\">\n\t\t\t\t\t\r\n<div class=\"pricing-plan\">\r\n  <div class=\"pricing-box\">\r\n    <div class=\"background-image\">\r\n        <img decoding=\"async\" src=\"https:\/\/aksemont.com\/wp-content\/themes\/finbuzz\/assets\/element\/figure93.png\" width=\"252\" height=\"155\" alt=\"figure\">\r\n    <\/div>  \r\n    <h3 class=\"pricing-title\">Starter Plan<\/h3>\r\n    <p>Financa dummy text of the printing and typesetting industry.<\/p>\r\n    <div class=\"price_and_currency\">\r\n       <div class=\"price-details\">\r\n            <div class=\"price\">\r\n                <span class=\"currency\">$<\/span>39<span class=\"unit\">.00<\/span><span class=\"duration\">Per Month<\/span>\r\n            <\/div>\r\n       <\/div>\r\n    <\/div>\r\n    <ul class=\"pricing-features\">\r\n              <li>\r\n          <span class=\"pricing-features-text\">\r\n           <i class=\"fas fa-circle\"><\/i>Finance Consulting          <\/span>\r\n        <\/li>\r\n              <li>\r\n          <span class=\"pricing-features-text\">\r\n           <i class=\"fas fa-circle\"><\/i>Business Economiext printing          <\/span>\r\n        <\/li>\r\n              <li>\r\n          <span class=\"pricing-features-text\">\r\n           <i class=\"fas fa-circle\"><\/i>industr um has been          <\/span>\r\n        <\/li>\r\n              <li>\r\n          <span class=\"pricing-features-text\">\r\n           <i class=\"fas fa-circle\"><\/i>Investment typesetting          <\/span>\r\n        <\/li>\r\n          <\/ul>\r\n    <div class=\"pricing-btn\">\r\n        <a class=\"btn-style1\" href=\"#\">Buy This Plan<\/a>    <\/div>\r\n  <\/div>\r\n<\/div>\r\n\r\n\t\t\t\t<\/div>\n\t\t\t\t<\/div>\n\t\t\t\t\t<\/div>\n\t\t<\/div>\n\t\t\t\t<div class=\"elementor-column elementor-col-33 elementor-top-column elementor-element elementor-element-25e0ebf\" data-id=\"25e0ebf\" data-element_type=\"column\" data-e-type=\"column\">\n\t\t\t<div class=\"elementor-widget-wrap elementor-element-populated\">\n\t\t\t\t\t\t<div class=\"elementor-element elementor-element-c736caf elementor-widget elementor-widget-rt-pricing-plan\" data-id=\"c736caf\" data-element_type=\"widget\" data-e-type=\"widget\" data-widget_type=\"rt-pricing-plan.default\">\n\t\t\t\t<div class=\"elementor-widget-container\">\n\t\t\t\t\t\r\n<div class=\"pricing-plan\">\r\n  <div class=\"pricing-box\">\r\n    <div class=\"background-image\">\r\n        <img decoding=\"async\" src=\"https:\/\/aksemont.com\/wp-content\/themes\/finbuzz\/assets\/element\/figure93.png\" width=\"252\" height=\"155\" alt=\"figure\">\r\n    <\/div>  \r\n    <h3 class=\"pricing-title\">Agency Plan<\/h3>\r\n    <p>Financa dummy text of the printing and typesetting industry.<\/p>\r\n    <div class=\"price_and_currency\">\r\n       <div class=\"price-details\">\r\n            <div class=\"price\">\r\n                <span class=\"currency\">$<\/span>49<span class=\"unit\">.99<\/span><span class=\"duration\">Per Month<\/span>\r\n            <\/div>\r\n       <\/div>\r\n    <\/div>\r\n    <ul class=\"pricing-features\">\r\n              <li>\r\n          <span class=\"pricing-features-text\">\r\n           <i class=\"fas fa-circle\"><\/i>Finance Consulting          <\/span>\r\n        <\/li>\r\n              <li>\r\n          <span class=\"pricing-features-text\">\r\n           <i class=\"fas fa-circle\"><\/i>Business Economiext printing          <\/span>\r\n        <\/li>\r\n              <li>\r\n          <span class=\"pricing-features-text\">\r\n           <i class=\"fas fa-circle\"><\/i>industr um has been          <\/span>\r\n        <\/li>\r\n              <li>\r\n          <span class=\"pricing-features-text\">\r\n           <i class=\"fas fa-circle\"><\/i>Investment typesetting          <\/span>\r\n        <\/li>\r\n          <\/ul>\r\n    <div class=\"pricing-btn\">\r\n        <a class=\"btn-style1\" href=\"#\">Buy This Plan<\/a>    <\/div>\r\n  <\/div>\r\n<\/div>\r\n\r\n\t\t\t\t<\/div>\n\t\t\t\t<\/div>\n\t\t\t\t\t<\/div>\n\t\t<\/div>\n\t\t\t\t<div class=\"elementor-column elementor-col-33 elementor-top-column elementor-element elementor-element-a05c328\" data-id=\"a05c328\" data-element_type=\"column\" data-e-type=\"column\">\n\t\t\t<div class=\"elementor-widget-wrap elementor-element-populated\">\n\t\t\t\t\t\t<div class=\"elementor-element elementor-element-e12fcd0 elementor-widget elementor-widget-rt-pricing-plan\" data-id=\"e12fcd0\" data-element_type=\"widget\" data-e-type=\"widget\" data-widget_type=\"rt-pricing-plan.default\">\n\t\t\t\t<div class=\"elementor-widget-container\">\n\t\t\t\t\t\r\n<div class=\"pricing-plan\">\r\n  <div class=\"pricing-box\">\r\n    <div class=\"background-image\">\r\n        <img decoding=\"async\" src=\"https:\/\/aksemont.com\/wp-content\/themes\/finbuzz\/assets\/element\/figure93.png\" width=\"252\" height=\"155\" alt=\"figure\">\r\n    <\/div>  \r\n    <h3 class=\"pricing-title\">Enterprice Plan<\/h3>\r\n    <p>Financa dummy text of the printing and typesetting industry.<\/p>\r\n    <div class=\"price_and_currency\">\r\n       <div class=\"price-details\">\r\n            <div class=\"price\">\r\n                <span class=\"currency\">$<\/span>69<span class=\"unit\">.00<\/span><span class=\"duration\">Per Month<\/span>\r\n            <\/div>\r\n       <\/div>\r\n    <\/div>\r\n    <ul class=\"pricing-features\">\r\n              <li>\r\n          <span class=\"pricing-features-text\">\r\n           <i class=\"fas fa-circle\"><\/i>Finance Consulting          <\/span>\r\n        <\/li>\r\n              <li>\r\n          <span class=\"pricing-features-text\">\r\n           <i class=\"fas fa-circle\"><\/i>Business Economiext printing          <\/span>\r\n        <\/li>\r\n              <li>\r\n          <span class=\"pricing-features-text\">\r\n           <i class=\"fas fa-circle\"><\/i>industr um has been          <\/span>\r\n        <\/li>\r\n              <li>\r\n          <span class=\"pricing-features-text\">\r\n           <i class=\"fas fa-circle\"><\/i>Investment typesetting          <\/span>\r\n        <\/li>\r\n          <\/ul>\r\n    <div class=\"pricing-btn\">\r\n        <a class=\"btn-style1\" href=\"#\">Buy This Plan<\/a>    <\/div>\r\n  <\/div>\r\n<\/div>\r\n\r\n\t\t\t\t<\/div>\n\t\t\t\t<\/div>\n\t\t\t\t\t<\/div>\n\t\t<\/div>\n\t\t\t\t\t<\/div>\n\t\t<\/section>\n\t\t\t\t<section class=\"elementor-section elementor-top-section elementor-element elementor-element-85da02d elementor-section-boxed elementor-section-height-default elementor-section-height-default rt-parallax-bg-no\" data-id=\"85da02d\" data-element_type=\"section\" data-e-type=\"section\">\n\t\t\t\t\t\t<div class=\"elementor-container elementor-column-gap-default\">\n\t\t\t\t\t<div class=\"elementor-column elementor-col-33 elementor-top-column elementor-element elementor-element-10bc593\" data-id=\"10bc593\" data-element_type=\"column\" data-e-type=\"column\">\n\t\t\t<div class=\"elementor-widget-wrap elementor-element-populated\">\n\t\t\t\t\t\t<div class=\"elementor-element elementor-element-19f0691 elementor-widget elementor-widget-rt-pricing-plan\" data-id=\"19f0691\" data-element_type=\"widget\" data-e-type=\"widget\" data-widget_type=\"rt-pricing-plan.default\">\n\t\t\t\t<div class=\"elementor-widget-container\">\n\t\t\t\t\t\r\n<div class=\"pricing-plan\">\r\n  <div class=\"pricing-box\">\r\n    <div class=\"background-image\">\r\n        <img decoding=\"async\" src=\"https:\/\/aksemont.com\/wp-content\/themes\/finbuzz\/assets\/element\/figure93.png\" width=\"252\" height=\"155\" alt=\"figure\">\r\n    <\/div>  \r\n    <h3 class=\"pricing-title\">Starter Plan<\/h3>\r\n    <p>Financa dummy text of the printing and typesetting industry.<\/p>\r\n    <div class=\"price_and_currency\">\r\n       <div class=\"price-details\">\r\n            <div class=\"price\">\r\n                <span class=\"currency\">$<\/span>39<span class=\"unit\">.00<\/span><span class=\"duration\">Per Year<\/span>\r\n            <\/div>\r\n       <\/div>\r\n    <\/div>\r\n    <ul class=\"pricing-features\">\r\n              <li>\r\n          <span class=\"pricing-features-text\">\r\n           <i class=\"fas fa-circle\"><\/i>Finance Consulting          <\/span>\r\n        <\/li>\r\n              <li>\r\n          <span class=\"pricing-features-text\">\r\n           <i class=\"fas fa-circle\"><\/i>Business Economiext printing          <\/span>\r\n        <\/li>\r\n              <li>\r\n          <span class=\"pricing-features-text\">\r\n           <i class=\"fas fa-circle\"><\/i>industr um has been          <\/span>\r\n        <\/li>\r\n              <li>\r\n          <span class=\"pricing-features-text\">\r\n           <i class=\"fas fa-circle\"><\/i>Investment typesetting          <\/span>\r\n        <\/li>\r\n          <\/ul>\r\n    <div class=\"pricing-btn\">\r\n        <a class=\"btn-style1\" href=\"#\">Buy This Plan<\/a>    <\/div>\r\n  <\/div>\r\n<\/div>\r\n\r\n\t\t\t\t<\/div>\n\t\t\t\t<\/div>\n\t\t\t\t\t<\/div>\n\t\t<\/div>\n\t\t\t\t<div class=\"elementor-column elementor-col-33 elementor-top-column elementor-element elementor-element-5193fcb\" data-id=\"5193fcb\" data-element_type=\"column\" data-e-type=\"column\">\n\t\t\t<div class=\"elementor-widget-wrap elementor-element-populated\">\n\t\t\t\t\t\t<div class=\"elementor-element elementor-element-dd4d9d2 elementor-widget elementor-widget-rt-pricing-plan\" data-id=\"dd4d9d2\" data-element_type=\"widget\" data-e-type=\"widget\" data-widget_type=\"rt-pricing-plan.default\">\n\t\t\t\t<div class=\"elementor-widget-container\">\n\t\t\t\t\t\r\n<div class=\"pricing-plan\">\r\n  <div class=\"pricing-box\">\r\n    <div class=\"background-image\">\r\n        <img decoding=\"async\" src=\"https:\/\/aksemont.com\/wp-content\/themes\/finbuzz\/assets\/element\/figure93.png\" width=\"252\" height=\"155\" alt=\"figure\">\r\n    <\/div>  \r\n    <h3 class=\"pricing-title\">Agency Plan<\/h3>\r\n    <p>Financa dummy text of the printing and typesetting industry.<\/p>\r\n    <div class=\"price_and_currency\">\r\n       <div class=\"price-details\">\r\n            <div class=\"price\">\r\n                <span class=\"currency\">$<\/span>49<span class=\"unit\">.99<\/span><span class=\"duration\">Per Year<\/span>\r\n            <\/div>\r\n       <\/div>\r\n    <\/div>\r\n    <ul class=\"pricing-features\">\r\n              <li>\r\n          <span class=\"pricing-features-text\">\r\n           <i class=\"fas fa-circle\"><\/i>Finance Consulting          <\/span>\r\n        <\/li>\r\n              <li>\r\n          <span class=\"pricing-features-text\">\r\n           <i class=\"fas fa-circle\"><\/i>Business Economiext printing          <\/span>\r\n        <\/li>\r\n              <li>\r\n          <span class=\"pricing-features-text\">\r\n           <i class=\"fas fa-circle\"><\/i>industr um has been          <\/span>\r\n        <\/li>\r\n              <li>\r\n          <span class=\"pricing-features-text\">\r\n           <i class=\"fas fa-circle\"><\/i>Investment typesetting          <\/span>\r\n        <\/li>\r\n          <\/ul>\r\n    <div class=\"pricing-btn\">\r\n        <a class=\"btn-style1\" href=\"#\">Buy This Plan<\/a>    <\/div>\r\n  <\/div>\r\n<\/div>\r\n\r\n\t\t\t\t<\/div>\n\t\t\t\t<\/div>\n\t\t\t\t\t<\/div>\n\t\t<\/div>\n\t\t\t\t<div class=\"elementor-column elementor-col-33 elementor-top-column elementor-element elementor-element-83a5401\" data-id=\"83a5401\" data-element_type=\"column\" data-e-type=\"column\">\n\t\t\t<div class=\"elementor-widget-wrap elementor-element-populated\">\n\t\t\t\t\t\t<div class=\"elementor-element elementor-element-d557491 elementor-widget elementor-widget-rt-pricing-plan\" data-id=\"d557491\" data-element_type=\"widget\" data-e-type=\"widget\" data-widget_type=\"rt-pricing-plan.default\">\n\t\t\t\t<div class=\"elementor-widget-container\">\n\t\t\t\t\t\r\n<div class=\"pricing-plan\">\r\n  <div class=\"pricing-box\">\r\n    <div class=\"background-image\">\r\n        <img decoding=\"async\" src=\"https:\/\/aksemont.com\/wp-content\/themes\/finbuzz\/assets\/element\/figure93.png\" width=\"252\" height=\"155\" alt=\"figure\">\r\n    <\/div>  \r\n    <h3 class=\"pricing-title\">Enterprice Plan<\/h3>\r\n    <p>Financa dummy text of the printing and typesetting industry.<\/p>\r\n    <div class=\"price_and_currency\">\r\n       <div class=\"price-details\">\r\n            <div class=\"price\">\r\n                <span class=\"currency\">$<\/span>69<span class=\"unit\">.00<\/span><span class=\"duration\">Per Year<\/span>\r\n            <\/div>\r\n       <\/div>\r\n    <\/div>\r\n    <ul class=\"pricing-features\">\r\n              <li>\r\n          <span class=\"pricing-features-text\">\r\n           <i class=\"fas fa-circle\"><\/i>Finance Consulting          <\/span>\r\n        <\/li>\r\n              <li>\r\n          <span class=\"pricing-features-text\">\r\n           <i class=\"fas fa-circle\"><\/i>Business Economiext printing          <\/span>\r\n        <\/li>\r\n              <li>\r\n          <span class=\"pricing-features-text\">\r\n           <i class=\"fas fa-circle\"><\/i>industr um has been          <\/span>\r\n        <\/li>\r\n              <li>\r\n          <span class=\"pricing-features-text\">\r\n           <i class=\"fas fa-circle\"><\/i>Investment typesetting          <\/span>\r\n        <\/li>\r\n          <\/ul>\r\n    <div class=\"pricing-btn\">\r\n        <a class=\"btn-style1\" href=\"#\">Buy This Plan<\/a>    <\/div>\r\n  <\/div>\r\n<\/div>\r\n\r\n\t\t\t\t<\/div>\n\t\t\t\t<\/div>\n\t\t\t\t\t<\/div>\n\t\t<\/div>\n\t\t\t\t\t<\/div>\n\t\t<\/section>\n\t\t\t\t<\/div>","protected":false},"excerpt":{"rendered":"<p>Starter Plan Financa dummy text of the printing and typesetting industry. $39.00Per Month Finance Consulting Business Economiext printing industr um has been Investment typesetting Buy This Plan Agency Plan Financa dummy text of the printing and typesetting industry. $49.99Per Month Finance Consulting Business Economiext printing industr um has been Investment typesetting Buy This Plan Enterprice [&hellip;]<\/p>","protected":false},"author":1,"featured_media":0,"parent":0,"menu_order":0,"comment_status":"closed","ping_status":"closed","template":"","meta":{"footnotes":""},"class_list":["post-2462","page","type-page","status-publish","hentry"],"yoast_head":"<!-- This site is optimized with the Yoast SEO plugin v26.9 - https:\/\/yoast.com\/product\/yoast-seo-wordpress\/ -->\n<title>Pricing Table - Aksemont<\/title>\n<meta name=\"description\" content=\"Izrada i monta\u017ea \u010deli\u010dnih konstrukcija i opreme. Izrada procesne opreme. Izrada industrijskih tankova, transportera, silosa, posuda.\" \/>\n<meta name=\"robots\" content=\"index, follow, max-snippet:-1, max-image-preview:large, max-video-preview:-1\" \/>\n<link rel=\"canonical\" href=\"https:\/\/aksemont.com\/en\/pricing-table\/\" \/>\n<meta property=\"og:locale\" content=\"en_US\" \/>\n<meta property=\"og:type\" content=\"article\" \/>\n<meta property=\"og:title\" content=\"Pricing Table - Aksemont\" \/>\n<meta property=\"og:description\" content=\"Izrada i monta\u017ea \u010deli\u010dnih konstrukcija i opreme. Izrada procesne opreme. Izrada industrijskih tankova, transportera, silosa, posuda.\" \/>\n<meta property=\"og:url\" content=\"https:\/\/aksemont.com\/en\/pricing-table\/\" \/>\n<meta property=\"og:site_name\" content=\"Aksemont\" \/>\n<meta property=\"article:modified_time\" content=\"2021-11-25T03:43:54+00:00\" \/>\n<meta property=\"og:image\" content=\"https:\/\/aksemont.com\/web\/wp-content\/themes\/finbuzz\/assets\/element\/figure93.png\" \/>\n<meta name=\"twitter:card\" content=\"summary_large_image\" \/>\n<meta name=\"twitter:label1\" content=\"Est. reading time\" \/>\n\t<meta name=\"twitter:data1\" content=\"1 minute\" \/>\n<script type=\"application\/ld+json\" class=\"yoast-schema-graph\">{\"@context\":\"https:\/\/schema.org\",\"@graph\":[{\"@type\":\"WebPage\",\"@id\":\"https:\/\/aksemont.com\/pricing-table\/\",\"url\":\"https:\/\/aksemont.com\/pricing-table\/\",\"name\":\"Pricing Table - Aksemont\",\"isPartOf\":{\"@id\":\"https:\/\/aksemont.com\/en\/#website\"},\"primaryImageOfPage\":{\"@id\":\"https:\/\/aksemont.com\/pricing-table\/#primaryimage\"},\"image\":{\"@id\":\"https:\/\/aksemont.com\/pricing-table\/#primaryimage\"},\"thumbnailUrl\":\"https:\/\/aksemont.com\/web\/wp-content\/themes\/finbuzz\/assets\/element\/figure93.png\",\"datePublished\":\"2021-11-03T09:46:07+00:00\",\"dateModified\":\"2021-11-25T03:43:54+00:00\",\"description\":\"Izrada i monta\u017ea \u010deli\u010dnih konstrukcija i opreme. Izrada procesne opreme. Izrada industrijskih tankova, transportera, silosa, posuda.\",\"breadcrumb\":{\"@id\":\"https:\/\/aksemont.com\/pricing-table\/#breadcrumb\"},\"inLanguage\":\"en-US\",\"potentialAction\":[{\"@type\":\"ReadAction\",\"target\":[\"https:\/\/aksemont.com\/pricing-table\/\"]}]},{\"@type\":\"ImageObject\",\"inLanguage\":\"en-US\",\"@id\":\"https:\/\/aksemont.com\/pricing-table\/#primaryimage\",\"url\":\"https:\/\/aksemont.com\/web\/wp-content\/themes\/finbuzz\/assets\/element\/figure93.png\",\"contentUrl\":\"https:\/\/aksemont.com\/web\/wp-content\/themes\/finbuzz\/assets\/element\/figure93.png\"},{\"@type\":\"BreadcrumbList\",\"@id\":\"https:\/\/aksemont.com\/pricing-table\/#breadcrumb\",\"itemListElement\":[{\"@type\":\"ListItem\",\"position\":1,\"name\":\"Home\",\"item\":\"https:\/\/aksemont.com\/en\/\"},{\"@type\":\"ListItem\",\"position\":2,\"name\":\"Pricing Table\"}]},{\"@type\":\"WebSite\",\"@id\":\"https:\/\/aksemont.com\/en\/#website\",\"url\":\"https:\/\/aksemont.com\/en\/\",\"name\":\"Aksemont\",\"description\":\"Izrada \u010deli\u010dnih konstrukcija\",\"publisher\":{\"@id\":\"https:\/\/aksemont.com\/en\/#organization\"},\"alternateName\":\"Izrada i monta\u017ea \u010deli\u010dnih konstrukcija i opreme\",\"potentialAction\":[{\"@type\":\"SearchAction\",\"target\":{\"@type\":\"EntryPoint\",\"urlTemplate\":\"https:\/\/aksemont.com\/en\/?s={search_term_string}\"},\"query-input\":{\"@type\":\"PropertyValueSpecification\",\"valueRequired\":true,\"valueName\":\"search_term_string\"}}],\"inLanguage\":\"en-US\"},{\"@type\":\"Organization\",\"@id\":\"https:\/\/aksemont.com\/en\/#organization\",\"name\":\"Izrada i monta\u017ea \u010deli\u010dnih konstrukcija i opreme\",\"url\":\"https:\/\/aksemont.com\/en\/\",\"logo\":{\"@type\":\"ImageObject\",\"inLanguage\":\"en-US\",\"@id\":\"https:\/\/aksemont.com\/en\/#\/schema\/logo\/image\/\",\"url\":\"https:\/\/aksemont.com\/wp-content\/uploads\/2023\/10\/logo2.png\",\"contentUrl\":\"https:\/\/aksemont.com\/wp-content\/uploads\/2023\/10\/logo2.png\",\"width\":582,\"height\":100,\"caption\":\"Izrada i monta\u017ea \u010deli\u010dnih konstrukcija i opreme\"},\"image\":{\"@id\":\"https:\/\/aksemont.com\/en\/#\/schema\/logo\/image\/\"}}]}<\/script>\n<!-- \/ Yoast SEO plugin. -->","yoast_head_json":{"title":"Pricing Table - Aksemont","description":"Izrada i monta\u017ea \u010deli\u010dnih konstrukcija i opreme. Izrada procesne opreme. Izrada industrijskih tankova, transportera, silosa, posuda.","robots":{"index":"index","follow":"follow","max-snippet":"max-snippet:-1","max-image-preview":"max-image-preview:large","max-video-preview":"max-video-preview:-1"},"canonical":"https:\/\/aksemont.com\/en\/pricing-table\/","og_locale":"en_US","og_type":"article","og_title":"Pricing Table - Aksemont","og_description":"Izrada i monta\u017ea \u010deli\u010dnih konstrukcija i opreme. Izrada procesne opreme. Izrada industrijskih tankova, transportera, silosa, posuda.","og_url":"https:\/\/aksemont.com\/en\/pricing-table\/","og_site_name":"Aksemont","article_modified_time":"2021-11-25T03:43:54+00:00","og_image":[{"url":"https:\/\/aksemont.com\/web\/wp-content\/themes\/finbuzz\/assets\/element\/figure93.png","type":"","width":"","height":""}],"twitter_card":"summary_large_image","twitter_misc":{"Est. reading time":"1 minute"},"schema":{"@context":"https:\/\/schema.org","@graph":[{"@type":"WebPage","@id":"https:\/\/aksemont.com\/pricing-table\/","url":"https:\/\/aksemont.com\/pricing-table\/","name":"Pricing Table - Aksemont","isPartOf":{"@id":"https:\/\/aksemont.com\/en\/#website"},"primaryImageOfPage":{"@id":"https:\/\/aksemont.com\/pricing-table\/#primaryimage"},"image":{"@id":"https:\/\/aksemont.com\/pricing-table\/#primaryimage"},"thumbnailUrl":"https:\/\/aksemont.com\/web\/wp-content\/themes\/finbuzz\/assets\/element\/figure93.png","datePublished":"2021-11-03T09:46:07+00:00","dateModified":"2021-11-25T03:43:54+00:00","description":"Izrada i monta\u017ea \u010deli\u010dnih konstrukcija i opreme. Izrada procesne opreme. Izrada industrijskih tankova, transportera, silosa, posuda.","breadcrumb":{"@id":"https:\/\/aksemont.com\/pricing-table\/#breadcrumb"},"inLanguage":"en-US","potentialAction":[{"@type":"ReadAction","target":["https:\/\/aksemont.com\/pricing-table\/"]}]},{"@type":"ImageObject","inLanguage":"en-US","@id":"https:\/\/aksemont.com\/pricing-table\/#primaryimage","url":"https:\/\/aksemont.com\/web\/wp-content\/themes\/finbuzz\/assets\/element\/figure93.png","contentUrl":"https:\/\/aksemont.com\/web\/wp-content\/themes\/finbuzz\/assets\/element\/figure93.png"},{"@type":"BreadcrumbList","@id":"https:\/\/aksemont.com\/pricing-table\/#breadcrumb","itemListElement":[{"@type":"ListItem","position":1,"name":"Home","item":"https:\/\/aksemont.com\/en\/"},{"@type":"ListItem","position":2,"name":"Pricing Table"}]},{"@type":"WebSite","@id":"https:\/\/aksemont.com\/en\/#website","url":"https:\/\/aksemont.com\/en\/","name":"Aksemont","description":"Production of steel structures","publisher":{"@id":"https:\/\/aksemont.com\/en\/#organization"},"alternateName":"Izrada i monta\u017ea \u010deli\u010dnih konstrukcija i opreme","potentialAction":[{"@type":"SearchAction","target":{"@type":"EntryPoint","urlTemplate":"https:\/\/aksemont.com\/en\/?s={search_term_string}"},"query-input":{"@type":"PropertyValueSpecification","valueRequired":true,"valueName":"search_term_string"}}],"inLanguage":"en-US"},{"@type":"Organization","@id":"https:\/\/aksemont.com\/en\/#organization","name":"Production and assembly of steel structures and equipment","url":"https:\/\/aksemont.com\/en\/","logo":{"@type":"ImageObject","inLanguage":"en-US","@id":"https:\/\/aksemont.com\/en\/#\/schema\/logo\/image\/","url":"https:\/\/aksemont.com\/wp-content\/uploads\/2023\/10\/logo2.png","contentUrl":"https:\/\/aksemont.com\/wp-content\/uploads\/2023\/10\/logo2.png","width":582,"height":100,"caption":"Izrada i monta\u017ea \u010deli\u010dnih konstrukcija i opreme"},"image":{"@id":"https:\/\/aksemont.com\/en\/#\/schema\/logo\/image\/"}}]}},"_links":{"self":[{"href":"https:\/\/aksemont.com\/en\/wp-json\/wp\/v2\/pages\/2462","targetHints":{"allow":["GET"]}}],"collection":[{"href":"https:\/\/aksemont.com\/en\/wp-json\/wp\/v2\/pages"}],"about":[{"href":"https:\/\/aksemont.com\/en\/wp-json\/wp\/v2\/types\/page"}],"author":[{"embeddable":true,"href":"https:\/\/aksemont.com\/en\/wp-json\/wp\/v2\/users\/1"}],"replies":[{"embeddable":true,"href":"https:\/\/aksemont.com\/en\/wp-json\/wp\/v2\/comments?post=2462"}],"version-history":[{"count":0,"href":"https:\/\/aksemont.com\/en\/wp-json\/wp\/v2\/pages\/2462\/revisions"}],"wp:attachment":[{"href":"https:\/\/aksemont.com\/en\/wp-json\/wp\/v2\/media?parent=2462"}],"curies":[{"name":"wp","href":"https:\/\/api.w.org\/{rel}","templated":true}]}}